{"id":5243,"date":"2025-02-11T10:53:33","date_gmt":"2025-02-11T09:53:33","guid":{"rendered":"https:\/\/cinematographerawards.hu\/?page_id=5243"},"modified":"2025-02-11T11:21:53","modified_gmt":"2025-02-11T10:21:53","slug":"videok","status":"publish","type":"page","link":"https:\/\/cinematographerawards.hu\/en\/videok\/","title":{"rendered":"Videos"},"content":{"rendered":"<div data-elementor-type=\"wp-page\" data-elementor-id=\"5243\" class=\"elementor elementor-5243\" data-elementor-post-type=\"page\">\n\t\t\t\t\t\t<section class=\"elementor-section elementor-top-section elementor-element elementor-element-aaaef26 elementor-section-full_width elementor-section-height-default elementor-section-height-default\" data-id=\"aaaef26\" data-element_type=\"section\" data-e-type=\"section\" data-settings=\"{&quot;jet_parallax_layout_list&quot;:[],&quot;background_background&quot;:&quot;classic&quot;}\">\n\t\t\t\t\t\t<div class=\"elementor-container elementor-column-gap-default\">\n\t\t\t\t\t<div class=\"elementor-column elementor-col-100 elementor-top-column elementor-element elementor-element-e1f81a6\" data-id=\"e1f81a6\" data-element_type=\"column\" data-e-type=\"column\">\n\t\t\t<div class=\"elementor-widget-wrap elementor-element-populated\">\n\t\t\t\t\t\t<div class=\"elementor-element elementor-element-7db9f32 elementor-widget elementor-widget-heading\" data-id=\"7db9f32\" data-element_type=\"widget\" data-e-type=\"widget\" data-widget_type=\"heading.default\">\n\t\t\t\t<div class=\"elementor-widget-container\">\n\t\t\t\t\t<h2 class=\"elementor-heading-title elementor-size-default\">Videos<\/h2>\t\t\t\t<\/div>\n\t\t\t\t<\/div>\n\t\t\t\t\t<\/div>\n\t\t<\/div>\n\t\t\t\t\t<\/div>\n\t\t<\/section>\n\t\t\t\t<section class=\"elementor-section elementor-top-section elementor-element elementor-element-b572c57 elementor-section-boxed elementor-section-height-default elementor-section-height-default\" data-id=\"b572c57\" data-element_type=\"section\" data-e-type=\"section\" data-settings=\"{&quot;jet_parallax_layout_list&quot;:[]}\">\n\t\t\t\t\t\t<div class=\"elementor-container elementor-column-gap-default\">\n\t\t\t\t\t<div class=\"elementor-column elementor-col-50 elementor-top-column elementor-element elementor-element-82ecefb\" data-id=\"82ecefb\" data-element_type=\"column\" data-e-type=\"column\">\n\t\t\t<div class=\"elementor-widget-wrap elementor-element-populated\">\n\t\t\t\t\t\t<div class=\"elementor-element elementor-element-0b7fce0 elementor-widget elementor-widget-heading\" data-id=\"0b7fce0\" data-element_type=\"widget\" data-e-type=\"widget\" data-widget_type=\"heading.default\">\n\t\t\t\t<div class=\"elementor-widget-container\">\n\t\t\t\t\t<h2 class=\"elementor-heading-title elementor-size-default\">IN MEMORIAM 2022-2023<\/h2>\t\t\t\t<\/div>\n\t\t\t\t<\/div>\n\t\t\t\t<div class=\"elementor-element elementor-element-605dedb elementor-widget elementor-widget-video\" data-id=\"605dedb\" data-element_type=\"widget\" data-e-type=\"widget\" data-settings=\"{&quot;youtube_url&quot;:&quot;https:\\\/\\\/www.youtube.com\\\/watch?v=6emZ3sOqaZk&amp;embeds_referring_euri=https%3A%2F%2Fcinematographerawards.hu%2F&amp;source_ve_path=MjM4NTE&quot;,&quot;yt_privacy&quot;:&quot;yes&quot;,&quot;lazy_load&quot;:&quot;yes&quot;,&quot;video_type&quot;:&quot;youtube&quot;,&quot;controls&quot;:&quot;yes&quot;}\" data-widget_type=\"video.default\">\n\t\t\t\t<div class=\"elementor-widget-container\">\n\t\t\t\t\t\t\t<div class=\"elementor-wrapper elementor-open-inline\">\n\t\t\t<div class=\"elementor-video\"><\/div>\t\t<\/div>\n\t\t\t\t\t\t<\/div>\n\t\t\t\t<\/div>\n\t\t\t\t\t<\/div>\n\t\t<\/div>\n\t\t\t\t<div class=\"elementor-column elementor-col-50 elementor-top-column elementor-element elementor-element-980ad2c\" data-id=\"980ad2c\" data-element_type=\"column\" data-e-type=\"column\">\n\t\t\t<div class=\"elementor-widget-wrap elementor-element-populated\">\n\t\t\t\t\t\t<div class=\"elementor-element elementor-element-e15fe6e elementor-widget elementor-widget-heading\" data-id=\"e15fe6e\" data-element_type=\"widget\" data-e-type=\"widget\" data-widget_type=\"heading.default\">\n\t\t\t\t<div class=\"elementor-widget-container\">\n\t\t\t\t\t<h2 class=\"elementor-heading-title elementor-size-default\">\u00c1TADT\u00c1K A KOV\u00c1CS L\u00c1SZL\u00d3-ZSIGMOND VILMOS OPERAT\u0150R D\u00cdJAKAT<\/h2>\t\t\t\t<\/div>\n\t\t\t\t<\/div>\n\t\t\t\t<div class=\"elementor-element elementor-element-d622888 elementor-widget elementor-widget-video\" data-id=\"d622888\" data-element_type=\"widget\" data-e-type=\"widget\" data-settings=\"{&quot;youtube_url&quot;:&quot;https:\\\/\\\/www.youtube.com\\\/watch?v=23-MihIySN0&amp;t=1s&quot;,&quot;yt_privacy&quot;:&quot;yes&quot;,&quot;lazy_load&quot;:&quot;yes&quot;,&quot;video_type&quot;:&quot;youtube&quot;,&quot;controls&quot;:&quot;yes&quot;}\" data-widget_type=\"video.default\">\n\t\t\t\t<div class=\"elementor-widget-container\">\n\t\t\t\t\t\t\t<div class=\"elementor-wrapper elementor-open-inline\">\n\t\t\t<div class=\"elementor-video\"><\/div>\t\t<\/div>\n\t\t\t\t\t\t<\/div>\n\t\t\t\t<\/div>\n\t\t\t\t\t<\/div>\n\t\t<\/div>\n\t\t\t\t\t<\/div>\n\t\t<\/section>\n\t\t\t\t<section class=\"elementor-section elementor-top-section elementor-element elementor-element-06756a0 elementor-section-boxed elementor-section-height-default elementor-section-height-default\" data-id=\"06756a0\" data-element_type=\"section\" data-e-type=\"section\" data-settings=\"{&quot;jet_parallax_layout_list&quot;:[]}\">\n\t\t\t\t\t\t<div class=\"elementor-container elementor-column-gap-default\">\n\t\t\t\t\t<div class=\"elementor-column elementor-col-50 elementor-top-column elementor-element elementor-element-9ae26e7\" data-id=\"9ae26e7\" data-element_type=\"column\" data-e-type=\"column\">\n\t\t\t<div class=\"elementor-widget-wrap elementor-element-populated\">\n\t\t\t\t\t\t<div class=\"elementor-element elementor-element-17a0b91 elementor-widget elementor-widget-heading\" data-id=\"17a0b91\" data-element_type=\"widget\" data-e-type=\"widget\" data-widget_type=\"heading.default\">\n\t\t\t\t<div class=\"elementor-widget-container\">\n\t\t\t\t\t<h2 class=\"elementor-heading-title elementor-size-default\">VI. KOV\u00c1CS L\u00c1SZL\u00d3 \u2013 ZSIGMOND VILMOS OPERAT\u0150R VERSENY<\/h2>\t\t\t\t<\/div>\n\t\t\t\t<\/div>\n\t\t\t\t<div class=\"elementor-element elementor-element-e402c17 elementor-widget elementor-widget-video\" data-id=\"e402c17\" data-element_type=\"widget\" data-e-type=\"widget\" data-settings=\"{&quot;youtube_url&quot;:&quot;https:\\\/\\\/www.youtube.com\\\/watch?v=V78LhjVkO2c&quot;,&quot;yt_privacy&quot;:&quot;yes&quot;,&quot;lazy_load&quot;:&quot;yes&quot;,&quot;video_type&quot;:&quot;youtube&quot;,&quot;controls&quot;:&quot;yes&quot;}\" data-widget_type=\"video.default\">\n\t\t\t\t<div class=\"elementor-widget-container\">\n\t\t\t\t\t\t\t<div class=\"elementor-wrapper elementor-open-inline\">\n\t\t\t<div class=\"elementor-video\"><\/div>\t\t<\/div>\n\t\t\t\t\t\t<\/div>\n\t\t\t\t<\/div>\n\t\t\t\t\t<\/div>\n\t\t<\/div>\n\t\t\t\t<div class=\"elementor-column elementor-col-50 elementor-top-column elementor-element elementor-element-167240f\" data-id=\"167240f\" data-element_type=\"column\" data-e-type=\"column\">\n\t\t\t<div class=\"elementor-widget-wrap elementor-element-populated\">\n\t\t\t\t\t\t<div class=\"elementor-element elementor-element-1b4a745 elementor-widget elementor-widget-heading\" data-id=\"1b4a745\" data-element_type=\"widget\" data-e-type=\"widget\" data-widget_type=\"heading.default\">\n\t\t\t\t<div class=\"elementor-widget-container\">\n\t\t\t\t\t<h2 class=\"elementor-heading-title elementor-size-default\">V. KOV\u00c1CS L\u00c1SZL\u00d3 \u2013 ZSIGMOND VILMOS OPERAT\u0150R VERSENY<\/h2>\t\t\t\t<\/div>\n\t\t\t\t<\/div>\n\t\t\t\t<div class=\"elementor-element elementor-element-1b252e9 elementor-widget elementor-widget-video\" data-id=\"1b252e9\" data-element_type=\"widget\" data-e-type=\"widget\" data-settings=\"{&quot;youtube_url&quot;:&quot;https:\\\/\\\/www.youtube.com\\\/watch?v=670oTp9tIMM&amp;embeds_referring_euri=https%3A%2F%2Fcinematographerawards.hu%2F&amp;source_ve_path=MjM4NTE&quot;,&quot;yt_privacy&quot;:&quot;yes&quot;,&quot;lazy_load&quot;:&quot;yes&quot;,&quot;video_type&quot;:&quot;youtube&quot;,&quot;controls&quot;:&quot;yes&quot;}\" data-widget_type=\"video.default\">\n\t\t\t\t<div class=\"elementor-widget-container\">\n\t\t\t\t\t\t\t<div class=\"elementor-wrapper elementor-open-inline\">\n\t\t\t<div class=\"elementor-video\"><\/div>\t\t<\/div>\n\t\t\t\t\t\t<\/div>\n\t\t\t\t<\/div>\n\t\t\t\t\t<\/div>\n\t\t<\/div>\n\t\t\t\t\t<\/div>\n\t\t<\/section>\n\t\t\t\t<section class=\"elementor-section elementor-top-section elementor-element elementor-element-9984827 elementor-section-boxed elementor-section-height-default elementor-section-height-default\" data-id=\"9984827\" data-element_type=\"section\" data-e-type=\"section\" data-settings=\"{&quot;jet_parallax_layout_list&quot;:[]}\">\n\t\t\t\t\t\t<div class=\"elementor-container elementor-column-gap-default\">\n\t\t\t\t\t<div class=\"elementor-column elementor-col-50 elementor-top-column elementor-element elementor-element-86ae68e\" data-id=\"86ae68e\" data-element_type=\"column\" data-e-type=\"column\">\n\t\t\t<div class=\"elementor-widget-wrap elementor-element-populated\">\n\t\t\t\t\t\t<div class=\"elementor-element elementor-element-a3a65f8 elementor-widget elementor-widget-heading\" data-id=\"a3a65f8\" data-element_type=\"widget\" data-e-type=\"widget\" data-widget_type=\"heading.default\">\n\t\t\t\t<div class=\"elementor-widget-container\">\n\t\t\t\t\t<h2 class=\"elementor-heading-title elementor-size-default\">\u00c9LETM\u0170D\u00cdJ G\u00c1LA 2020<\/h2>\t\t\t\t<\/div>\n\t\t\t\t<\/div>\n\t\t\t\t<div class=\"elementor-element elementor-element-6310d36 elementor-widget elementor-widget-video\" data-id=\"6310d36\" data-element_type=\"widget\" data-e-type=\"widget\" data-settings=\"{&quot;video_type&quot;:&quot;vimeo&quot;,&quot;yt_privacy&quot;:&quot;yes&quot;}\" data-widget_type=\"video.default\">\n\t\t\t\t<div class=\"elementor-widget-container\">\n\t\t\t\t\t\t\t<div class=\"elementor-wrapper elementor-open-inline\">\n\t\t\t<iframe class=\"elementor-video-iframe\" allowfullscreen allow=\"clipboard-write\" title=\"vimeo Video Player\" src=\"https:\/\/player.vimeo.com\/video\/497368027?color&amp;autopause=0&amp;dnt=true&amp;loop=0&amp;muted=0&amp;title=1&amp;portrait=1&amp;byline=1#t=\" data-no-translation-title=\"\"><\/iframe>\t\t<\/div>\n\t\t\t\t\t\t<\/div>\n\t\t\t\t<\/div>\n\t\t\t\t\t<\/div>\n\t\t<\/div>\n\t\t\t\t<div class=\"elementor-column elementor-col-50 elementor-top-column elementor-element elementor-element-52ede5d\" data-id=\"52ede5d\" data-element_type=\"column\" data-e-type=\"column\">\n\t\t\t<div class=\"elementor-widget-wrap elementor-element-populated\">\n\t\t\t\t\t\t<div class=\"elementor-element elementor-element-7a25735 elementor-widget elementor-widget-heading\" data-id=\"7a25735\" data-element_type=\"widget\" data-e-type=\"widget\" data-widget_type=\"heading.default\">\n\t\t\t\t<div class=\"elementor-widget-container\">\n\t\t\t\t\t<h2 class=\"elementor-heading-title elementor-size-default\">IN MEMORIAM 2020-21<\/h2>\t\t\t\t<\/div>\n\t\t\t\t<\/div>\n\t\t\t\t<div class=\"elementor-element elementor-element-18bc3ba elementor-widget elementor-widget-video\" data-id=\"18bc3ba\" data-element_type=\"widget\" data-e-type=\"widget\" data-settings=\"{&quot;video_type&quot;:&quot;vimeo&quot;,&quot;yt_privacy&quot;:&quot;yes&quot;}\" data-widget_type=\"video.default\">\n\t\t\t\t<div class=\"elementor-widget-container\">\n\t\t\t\t\t\t\t<div class=\"elementor-wrapper elementor-open-inline\">\n\t\t\t<iframe class=\"elementor-video-iframe\" allowfullscreen allow=\"clipboard-write\" title=\"vimeo Video Player\" src=\"https:\/\/player.vimeo.com\/video\/569259270?color&amp;autopause=0&amp;dnt=true&amp;loop=0&amp;muted=0&amp;title=1&amp;portrait=1&amp;byline=1#t=\" data-no-translation-title=\"\"><\/iframe>\t\t<\/div>\n\t\t\t\t\t\t<\/div>\n\t\t\t\t<\/div>\n\t\t\t\t\t<\/div>\n\t\t<\/div>\n\t\t\t\t\t<\/div>\n\t\t<\/section>\n\t\t\t\t<section class=\"elementor-section elementor-top-section elementor-element elementor-element-e611899 elementor-section-boxed elementor-section-height-default elementor-section-height-default\" data-id=\"e611899\" data-element_type=\"section\" data-e-type=\"section\" data-settings=\"{&quot;jet_parallax_layout_list&quot;:[]}\">\n\t\t\t\t\t\t<div class=\"elementor-container elementor-column-gap-default\">\n\t\t\t\t\t<div class=\"elementor-column elementor-col-50 elementor-top-column elementor-element elementor-element-c82cef3\" data-id=\"c82cef3\" data-element_type=\"column\" data-e-type=\"column\">\n\t\t\t<div class=\"elementor-widget-wrap elementor-element-populated\">\n\t\t\t\t\t\t<div class=\"elementor-element elementor-element-431cc9d elementor-widget elementor-widget-heading\" data-id=\"431cc9d\" data-element_type=\"widget\" data-e-type=\"widget\" data-widget_type=\"heading.default\">\n\t\t\t\t<div class=\"elementor-widget-container\">\n\t\t\t\t\t<h2 class=\"elementor-heading-title elementor-size-default\">\u00c9LETM\u0170D\u00cdJ G\u00c1LA 2020<\/h2>\t\t\t\t<\/div>\n\t\t\t\t<\/div>\n\t\t\t\t<div class=\"elementor-element elementor-element-a95cbd1 elementor-widget elementor-widget-video\" data-id=\"a95cbd1\" data-element_type=\"widget\" data-e-type=\"widget\" data-settings=\"{&quot;youtube_url&quot;:&quot;https:\\\/\\\/www.youtube.com\\\/watch?v=V78LhjVkO2c&quot;,&quot;yt_privacy&quot;:&quot;yes&quot;,&quot;lazy_load&quot;:&quot;yes&quot;,&quot;video_type&quot;:&quot;youtube&quot;,&quot;controls&quot;:&quot;yes&quot;}\" data-widget_type=\"video.default\">\n\t\t\t\t<div class=\"elementor-widget-container\">\n\t\t\t\t\t\t\t<div class=\"elementor-wrapper elementor-open-inline\">\n\t\t\t<div class=\"elementor-video\"><\/div>\t\t<\/div>\n\t\t\t\t\t\t<\/div>\n\t\t\t\t<\/div>\n\t\t\t\t\t<\/div>\n\t\t<\/div>\n\t\t\t\t<div class=\"elementor-column elementor-col-50 elementor-top-column elementor-element elementor-element-e31aee6\" data-id=\"e31aee6\" data-element_type=\"column\" data-e-type=\"column\">\n\t\t\t<div class=\"elementor-widget-wrap elementor-element-populated\">\n\t\t\t\t\t\t<div class=\"elementor-element elementor-element-e0f72da elementor-widget elementor-widget-heading\" data-id=\"e0f72da\" data-element_type=\"widget\" data-e-type=\"widget\" data-widget_type=\"heading.default\">\n\t\t\t\t<div class=\"elementor-widget-container\">\n\t\t\t\t\t<h2 class=\"elementor-heading-title elementor-size-default\">III. KOV\u00c1CS L\u00c1SZL\u00d3 ZSIGMOND VILMOS OPERAT\u0150R D\u00cdJ\u00c1TAD\u00d3 2020<\/h2>\t\t\t\t<\/div>\n\t\t\t\t<\/div>\n\t\t\t\t<div class=\"elementor-element elementor-element-5b27794 elementor-widget elementor-widget-video\" data-id=\"5b27794\" data-element_type=\"widget\" data-e-type=\"widget\" data-settings=\"{&quot;youtube_url&quot;:&quot;https:\\\/\\\/www.youtube.com\\\/watch?v=TcHrBJopRIk&amp;embeds_referring_euri=https%3A%2F%2Fcinematographerawards.hu%2F&amp;source_ve_path=MjM4NTE&quot;,&quot;yt_privacy&quot;:&quot;yes&quot;,&quot;lazy_load&quot;:&quot;yes&quot;,&quot;video_type&quot;:&quot;youtube&quot;,&quot;controls&quot;:&quot;yes&quot;}\" data-widget_type=\"video.default\">\n\t\t\t\t<div class=\"elementor-widget-container\">\n\t\t\t\t\t\t\t<div class=\"elementor-wrapper elementor-open-inline\">\n\t\t\t<div class=\"elementor-video\"><\/div>\t\t<\/div>\n\t\t\t\t\t\t<\/div>\n\t\t\t\t<\/div>\n\t\t\t\t\t<\/div>\n\t\t<\/div>\n\t\t\t\t\t<\/div>\n\t\t<\/section>\n\t\t\t\t<\/div>","protected":false},"excerpt":{"rendered":"<p>Vide\u00f3k IN MEMORIAM 2022-2023 \u00c1TADT\u00c1K A KOV\u00c1CS L\u00c1SZL\u00d3-ZSIGMOND VILMOS OPERAT\u0150R D\u00cdJAKAT VI. KOV\u00c1CS L\u00c1SZL\u00d3 \u2013 ZSIGMOND VILMOS OPERAT\u0150R VERSENY V. KOV\u00c1CS L\u00c1SZL\u00d3 \u2013 ZSIGMOND VILMOS OPERAT\u0150R VERSENY \u00c9LETM\u0170D\u00cdJ G\u00c1LA 2020 IN MEMORIAM 2020-21 \u00c9LETM\u0170D\u00cdJ G\u00c1LA 2020 III. KOV\u00c1CS L\u00c1SZL\u00d3 ZSIGMOND VILMOS OPERAT\u0150R D\u00cdJ\u00c1TAD\u00d3 2020<\/p>","protected":false},"author":2,"featured_media":0,"parent":0,"menu_order":0,"comment_status":"closed","ping_status":"closed","template":"elementor_header_footer","meta":{"footnotes":""},"class_list":["post-5243","page","type-page","status-publish","hentry","clearfix"],"yoast_head":"<!-- This site is optimized with the Yoast SEO plugin v27.6 - https:\/\/yoast.com\/product\/yoast-seo-wordpress\/ -->\n<title>Vide\u00f3k - Magyar operat\u0151r verseny<\/title>\n<meta name=\"robots\" content=\"index, follow, max-snippet:-1, max-image-preview:large, max-video-preview:-1\" \/>\n<link rel=\"canonical\" href=\"https:\/\/cinematographerawards.hu\/en\/videok\/\" \/>\n<meta property=\"og:locale\" content=\"en_US\" \/>\n<meta property=\"og:type\" content=\"article\" \/>\n<meta property=\"og:title\" content=\"Vide\u00f3k - Magyar operat\u0151r verseny\" \/>\n<meta property=\"og:description\" content=\"Vide\u00f3k IN MEMORIAM 2022-2023 \u00c1TADT\u00c1K A KOV\u00c1CS L\u00c1SZL\u00d3-ZSIGMOND VILMOS OPERAT\u0150R D\u00cdJAKAT VI. KOV\u00c1CS L\u00c1SZL\u00d3 \u2013 ZSIGMOND VILMOS OPERAT\u0150R VERSENY V. KOV\u00c1CS L\u00c1SZL\u00d3 \u2013 ZSIGMOND VILMOS OPERAT\u0150R VERSENY \u00c9LETM\u0170D\u00cdJ G\u00c1LA 2020 IN MEMORIAM 2020-21 \u00c9LETM\u0170D\u00cdJ G\u00c1LA 2020 III. KOV\u00c1CS L\u00c1SZL\u00d3 ZSIGMOND VILMOS OPERAT\u0150R D\u00cdJ\u00c1TAD\u00d3 2020\" \/>\n<meta property=\"og:url\" content=\"https:\/\/cinematographerawards.hu\/en\/videok\/\" \/>\n<meta property=\"og:site_name\" content=\"Magyar operat\u0151r verseny\" \/>\n<meta property=\"article:modified_time\" content=\"2025-02-11T10:21:53+00:00\" \/>\n<meta property=\"og:image\" content=\"https:\/\/cinematographerawards.hu\/wp-content\/uploads\/2020\/12\/cinematographerawards-ico.png\" \/>\n\t<meta property=\"og:image:width\" content=\"199\" \/>\n\t<meta property=\"og:image:height\" content=\"209\" \/>\n\t<meta property=\"og:image:type\" content=\"image\/png\" \/>\n<meta name=\"twitter:card\" content=\"summary_large_image\" \/>\n<meta name=\"twitter:label1\" content=\"Est. reading time\" \/>\n\t<meta name=\"twitter:data1\" content=\"1 minute\" \/>\n<script type=\"application\/ld+json\" class=\"yoast-schema-graph\">{\"@context\":\"https:\\\/\\\/schema.org\",\"@graph\":[{\"@type\":\"WebPage\",\"@id\":\"https:\\\/\\\/cinematographerawards.hu\\\/videok\\\/\",\"url\":\"https:\\\/\\\/cinematographerawards.hu\\\/videok\\\/\",\"name\":\"Vide\u00f3k - Magyar operat\u0151r verseny\",\"isPartOf\":{\"@id\":\"https:\\\/\\\/cinematographerawards.hu\\\/#website\"},\"datePublished\":\"2025-02-11T09:53:33+00:00\",\"dateModified\":\"2025-02-11T10:21:53+00:00\",\"breadcrumb\":{\"@id\":\"https:\\\/\\\/cinematographerawards.hu\\\/videok\\\/#breadcrumb\"},\"inLanguage\":\"en-US\",\"potentialAction\":[{\"@type\":\"ReadAction\",\"target\":[\"https:\\\/\\\/cinematographerawards.hu\\\/videok\\\/\"]}]},{\"@type\":\"BreadcrumbList\",\"@id\":\"https:\\\/\\\/cinematographerawards.hu\\\/videok\\\/#breadcrumb\",\"itemListElement\":[{\"@type\":\"ListItem\",\"position\":1,\"name\":\"Kezd\u0151lap\",\"item\":\"https:\\\/\\\/cinematographerawards.hu\\\/\"},{\"@type\":\"ListItem\",\"position\":2,\"name\":\"Vide\u00f3k\"}]},{\"@type\":\"WebSite\",\"@id\":\"https:\\\/\\\/cinematographerawards.hu\\\/#website\",\"url\":\"https:\\\/\\\/cinematographerawards.hu\\\/\",\"name\":\"Magyar operat\u0151r verseny\",\"description\":\"Magyar operat\u0151r verseny\",\"potentialAction\":[{\"@type\":\"SearchAction\",\"target\":{\"@type\":\"EntryPoint\",\"urlTemplate\":\"https:\\\/\\\/cinematographerawards.hu\\\/?s={search_term_string}\"},\"query-input\":{\"@type\":\"PropertyValueSpecification\",\"valueRequired\":true,\"valueName\":\"search_term_string\"}}],\"inLanguage\":\"en-US\"}]}<\/script>\n<!-- \/ Yoast SEO plugin. -->","yoast_head_json":{"title":"Vide\u00f3k - Magyar operat\u0151r verseny","robots":{"index":"index","follow":"follow","max-snippet":"max-snippet:-1","max-image-preview":"max-image-preview:large","max-video-preview":"max-video-preview:-1"},"canonical":"https:\/\/cinematographerawards.hu\/en\/videok\/","og_locale":"en_US","og_type":"article","og_title":"Vide\u00f3k - Magyar operat\u0151r verseny","og_description":"Vide\u00f3k IN MEMORIAM 2022-2023 \u00c1TADT\u00c1K A KOV\u00c1CS L\u00c1SZL\u00d3-ZSIGMOND VILMOS OPERAT\u0150R D\u00cdJAKAT VI. KOV\u00c1CS L\u00c1SZL\u00d3 \u2013 ZSIGMOND VILMOS OPERAT\u0150R VERSENY V. KOV\u00c1CS L\u00c1SZL\u00d3 \u2013 ZSIGMOND VILMOS OPERAT\u0150R VERSENY \u00c9LETM\u0170D\u00cdJ G\u00c1LA 2020 IN MEMORIAM 2020-21 \u00c9LETM\u0170D\u00cdJ G\u00c1LA 2020 III. KOV\u00c1CS L\u00c1SZL\u00d3 ZSIGMOND VILMOS OPERAT\u0150R D\u00cdJ\u00c1TAD\u00d3 2020","og_url":"https:\/\/cinematographerawards.hu\/en\/videok\/","og_site_name":"Magyar operat\u0151r verseny","article_modified_time":"2025-02-11T10:21:53+00:00","og_image":[{"width":199,"height":209,"url":"https:\/\/cinematographerawards.hu\/wp-content\/uploads\/2020\/12\/cinematographerawards-ico.png","type":"image\/png"}],"twitter_card":"summary_large_image","twitter_misc":{"Est. reading time":"1 minute"},"schema":{"@context":"https:\/\/schema.org","@graph":[{"@type":"WebPage","@id":"https:\/\/cinematographerawards.hu\/videok\/","url":"https:\/\/cinematographerawards.hu\/videok\/","name":"Vide\u00f3k - Magyar operat\u0151r verseny","isPartOf":{"@id":"https:\/\/cinematographerawards.hu\/#website"},"datePublished":"2025-02-11T09:53:33+00:00","dateModified":"2025-02-11T10:21:53+00:00","breadcrumb":{"@id":"https:\/\/cinematographerawards.hu\/videok\/#breadcrumb"},"inLanguage":"en-US","potentialAction":[{"@type":"ReadAction","target":["https:\/\/cinematographerawards.hu\/videok\/"]}]},{"@type":"BreadcrumbList","@id":"https:\/\/cinematographerawards.hu\/videok\/#breadcrumb","itemListElement":[{"@type":"ListItem","position":1,"name":"Kezd\u0151lap","item":"https:\/\/cinematographerawards.hu\/"},{"@type":"ListItem","position":2,"name":"Vide\u00f3k"}]},{"@type":"WebSite","@id":"https:\/\/cinematographerawards.hu\/#website","url":"https:\/\/cinematographerawards.hu\/","name":"Magyar operat\u0151r verseny","description":"Magyar operat\u0151r verseny","potentialAction":[{"@type":"SearchAction","target":{"@type":"EntryPoint","urlTemplate":"https:\/\/cinematographerawards.hu\/?s={search_term_string}"},"query-input":{"@type":"PropertyValueSpecification","valueRequired":true,"valueName":"search_term_string"}}],"inLanguage":"en-US"}]}},"_links":{"self":[{"href":"https:\/\/cinematographerawards.hu\/en\/wp-json\/wp\/v2\/pages\/5243","targetHints":{"allow":["GET"]}}],"collection":[{"href":"https:\/\/cinematographerawards.hu\/en\/wp-json\/wp\/v2\/pages"}],"about":[{"href":"https:\/\/cinematographerawards.hu\/en\/wp-json\/wp\/v2\/types\/page"}],"author":[{"embeddable":true,"href":"https:\/\/cinematographerawards.hu\/en\/wp-json\/wp\/v2\/users\/2"}],"replies":[{"embeddable":true,"href":"https:\/\/cinematographerawards.hu\/en\/wp-json\/wp\/v2\/comments?post=5243"}],"version-history":[{"count":13,"href":"https:\/\/cinematographerawards.hu\/en\/wp-json\/wp\/v2\/pages\/5243\/revisions"}],"predecessor-version":[{"id":5258,"href":"https:\/\/cinematographerawards.hu\/en\/wp-json\/wp\/v2\/pages\/5243\/revisions\/5258"}],"wp:attachment":[{"href":"https:\/\/cinematographerawards.hu\/en\/wp-json\/wp\/v2\/media?parent=5243"}],"curies":[{"name":"wp","href":"https:\/\/api.w.org\/{rel}","templated":true}]}}