{"id":2460,"date":"2018-08-06T09:25:38","date_gmt":"2018-08-06T09:25:38","guid":{"rendered":"https:\/\/demo.harutheme.com\/formota\/?page_id=2460"},"modified":"2022-03-17T08:26:59","modified_gmt":"2022-03-17T07:26:59","slug":"dijaink","status":"publish","type":"page","link":"https:\/\/cinematographerawards.hu\/en\/dijaink\/","title":{"rendered":"D\u00cdJAINK"},"content":{"rendered":"<div class=\"wpb-content-wrapper\"><div class=\"vc_row wpb_row vc_row-fluid vc_custom_1533626221625\"><div class=\"wpb_column vc_column_container vc_col-sm-12\"><div class=\"vc_column-inner\"><div class=\"wpb_wrapper\">\n\t<div class=\"wpb_text_column wpb_content_element secondary-font fs-18\" >\n\t\t<div class=\"wpb_wrapper\">\n\t\t\t<p style=\"text-align: center;\">In 2004, the founders of the L\u00e1szl\u00f3 Kov\u00e1cs-Vilmos Zsigmond Cinematographer Competition set out on a mission to turn the spotlight to those who are behind the cameras.<br \/>\nSince then, the organization has awarded the most outstanding members of the Hungarian cinematographer community who bring the world of cinema closer to us with their beautiful images.<\/p>\n\n\t\t<\/div>\n\t<\/div>\n<\/div><\/div><\/div><div class=\"wpb_column vc_column_container vc_col-sm-12\"><div class=\"vc_column-inner\"><div class=\"wpb_wrapper\"><h2 style=\"text-align: center\" class=\"vc_custom_heading default\">Awards by the numbers<\/h2><div class=\"vc_row wpb_row vc_inner vc_row-fluid\"><div class=\"wpb_column vc_column_container vc_col-sm-3\"><div class=\"vc_column-inner\"><div class=\"wpb_wrapper\">                    <div class=\"\">\n                <div class=\"counter-shortcode-wrap style_1\">\n    <div class=\"gr-counter gr-animated\">\n        <div class=\"content-inner\">\n            <div data-from=\"0\" data-to=\"6\" class=\"gr-number-counter\">\n                6            <\/div>\n            <div class=\"gr-text-default\">1. D\u00cdJ\u00c1TAD\u00d3<\/div>\n        <\/div>\n    <\/div>\n<\/div>            <\/div>\n                <\/div><\/div><\/div><div class=\"wpb_column vc_column_container vc_col-sm-3\"><div class=\"vc_column-inner\"><div class=\"wpb_wrapper\">                    <div class=\"\">\n                <div class=\"counter-shortcode-wrap style_1\">\n    <div class=\"gr-counter gr-animated\">\n        <div class=\"content-inner\">\n            <div data-from=\"0\" data-to=\"14\" class=\"gr-number-counter\">\n                14            <\/div>\n            <div class=\"gr-text-default\">2. D\u00cdJ\u00c1TAD\u00d3<\/div>\n        <\/div>\n    <\/div>\n<\/div>            <\/div>\n                <\/div><\/div><\/div><div class=\"wpb_column vc_column_container vc_col-sm-3\"><div class=\"vc_column-inner\"><div class=\"wpb_wrapper\">                    <div class=\"\">\n                <div class=\"counter-shortcode-wrap style_1\">\n    <div class=\"gr-counter gr-animated\">\n        <div class=\"content-inner\">\n            <div data-from=\"0\" data-to=\"11\" class=\"gr-number-counter\">\n                11            <\/div>\n            <div class=\"gr-text-default\">3. D\u00cdJ\u00c1TAD\u00d3<\/div>\n        <\/div>\n    <\/div>\n<\/div>            <\/div>\n                <\/div><\/div><\/div><div class=\"wpb_column vc_column_container vc_col-sm-3\"><div class=\"vc_column-inner\"><div class=\"wpb_wrapper\">                    <div class=\"\">\n                <div class=\"counter-shortcode-wrap style_1\">\n    <div class=\"gr-counter gr-animated\">\n        <div class=\"content-inner\">\n            <div data-from=\"0\" data-to=\"12\" class=\"gr-number-counter\">\n                12            <\/div>\n            <div class=\"gr-text-default\">4. D\u00cdJ\u00c1TAD\u00d3<\/div>\n        <\/div>\n    <\/div>\n<\/div>            <\/div>\n                <\/div><\/div><\/div><\/div><div class=\"vc_empty_space\"   style=\"height: 40px\"><span class=\"vc_empty_space_inner\"><\/span><\/div><h2 style=\"text-align: center\" class=\"vc_custom_heading default\">by the numbers<\/h2><div class=\"vc_row wpb_row vc_inner vc_row-fluid\"><div class=\"wpb_column vc_column_container vc_col-sm-3\"><div class=\"vc_column-inner\"><div class=\"wpb_wrapper\">                    <div class=\"\">\n                <div class=\"counter-shortcode-wrap style_1\">\n    <div class=\"gr-counter gr-animated\">\n        <div class=\"content-inner\">\n            <div data-from=\"0\" data-to=\"233\" class=\"gr-number-counter\">\n                233            <\/div>\n            <div class=\"gr-text-default\">NEVEZETT FILM 4 \u00c9V ALATT<\/div>\n        <\/div>\n    <\/div>\n<\/div>            <\/div>\n                <\/div><\/div><\/div><div class=\"wpb_column vc_column_container vc_col-sm-3\"><div class=\"vc_column-inner\"><div class=\"wpb_wrapper\">                    <div class=\"\">\n                <div class=\"counter-shortcode-wrap style_1\">\n    <div class=\"gr-counter gr-animated\">\n        <div class=\"content-inner\">\n            <div data-from=\"0\" data-to=\"2815\" class=\"gr-number-counter\">\n                2815            <\/div>\n            <div class=\"gr-text-default\">PERCNYI FILM<\/div>\n        <\/div>\n    <\/div>\n<\/div>            <\/div>\n                <\/div><\/div><\/div><div class=\"wpb_column vc_column_container vc_col-sm-3\"><div class=\"vc_column-inner\"><div class=\"wpb_wrapper\">                    <div class=\"\">\n                <div class=\"counter-shortcode-wrap style_1\">\n    <div class=\"gr-counter gr-animated\">\n        <div class=\"content-inner\">\n            <div data-from=\"0\" data-to=\"82\" class=\"gr-number-counter\">\n                82            <\/div>\n            <div class=\"gr-text-default\">Nevez\u00e9s 2021-ban<\/div>\n        <\/div>\n    <\/div>\n<\/div>            <\/div>\n                <\/div><\/div><\/div><div class=\"wpb_column vc_column_container vc_col-sm-3\"><div class=\"vc_column-inner\"><div class=\"wpb_wrapper\">                    <div class=\"\">\n                <div class=\"counter-shortcode-wrap style_1\">\n    <div class=\"gr-counter gr-animated\">\n        <div class=\"content-inner\">\n            <div data-from=\"0\" data-to=\"6\" class=\"gr-number-counter\">\n                6            <\/div>\n            <div class=\"gr-text-default\">kateg\u00f3ria<\/div>\n        <\/div>\n    <\/div>\n<\/div>            <\/div>\n                <\/div><\/div><\/div><\/div><\/div><\/div><\/div><\/div><div class=\"vc_row wpb_row vc_row-fluid vc_custom_1533626661634\"><div class=\"wpb_column vc_column_container vc_col-sm-6\"><div class=\"vc_column-inner\"><div class=\"wpb_wrapper\"><h2 style=\"text-align: center\" class=\"vc_custom_heading heading_style_5\">Our Awards<\/h2><div class=\"vc_row wpb_row vc_inner vc_row-fluid\"><div class=\"wpb_column vc_column_container vc_col-sm-12\"><div class=\"vc_column-inner\"><div class=\"wpb_wrapper\"><h2 style=\"text-align: center\" class=\"vc_custom_heading about-me heading_style_5\"><span class=\"pre-heading\" >Besides the traditional award categories<\/span> <span class=\"hightlight-heading\" >we recognize those Hungarian cinematographers<\/span> who have worked in the industry for a lifetime, and during this time they have written their names in the history of the Hungarian cultural community.<\/h2><\/div><\/div><\/div><\/div><\/div><\/div><\/div><div class=\"wpb_column vc_column_container vc_col-sm-6\"><div class=\"vc_column-inner\"><div class=\"wpb_wrapper\"><div class=\"vc_row wpb_row vc_inner vc_row-fluid\"><div class=\"wpb_column vc_column_container vc_col-sm-6\"><div class=\"vc_column-inner\"><div class=\"wpb_wrapper\">            \n            <div class=\"wpb_animate_when_almost_visible haru-css-animation wpb_fadeIn\">\n                \n<div class=\"icon-box-shortcode-wrap style_3\">\n    <div class=\"icon-box-container\">\n        <div class=\"icon-top\">\n            <div class=\"icon-wrap\">\n                <img decoding=\"async\" src=\"https:\/\/cinematographerawards.hu\/wp-content\/uploads\/2018\/07\/icon-film-product.png\" alt=\"\u00c9letm\u0171d\u00edj\">\n            <\/div>\n            <div class=\"icon-title\">\n                                    <a href=\"#\" title=\"\" target=\"_self\">\n                                <h5>Lifetime Achievement Award<\/h5>\n                                    <\/a>\n                            <\/div>\n        <\/div>\n        <div class=\"icon-content\">\n            <p class=\"icon-description\">Since 2004 the L\u00e1szl\u00f3 Kov\u00e1cs-Vilmos Zsigmond Cinematographer Awards honor those cinematographers who have inspired generations and will inspire the ones to come.<\/p>\n        <\/div>\n    <\/div>\n<\/div>            <\/div>\n            \n        <\/div><\/div><\/div><div class=\"wpb_column vc_column_container vc_col-sm-6\"><div class=\"vc_column-inner\"><div class=\"wpb_wrapper\">            \n            <div class=\"wpb_animate_when_almost_visible haru-css-animation wpb_fadeIn\">\n                \n<div class=\"icon-box-shortcode-wrap style_3\">\n    <div class=\"icon-box-container\">\n        <div class=\"icon-top\">\n            <div class=\"icon-wrap\">\n                <img decoding=\"async\" src=\"https:\/\/cinematographerawards.hu\/wp-content\/uploads\/2018\/07\/icon-creative-direct.png\" alt=\"Bojkovszky B\u00e9la-D\u00edj\">\n            <\/div>\n            <div class=\"icon-title\">\n                                    <a href=\"#\" title=\"\" target=\"_self\">\n                                <h5>Bojkovszky B\u00e9la-D\u00edj<\/h5>\n                                    <\/a>\n                            <\/div>\n        <\/div>\n        <div class=\"icon-content\">\n            <p class=\"icon-description\">Every year since 2019 an outstanding lighting technician receives this award, which was named after the legendary Hungarian chief lighting technician.<\/p>\n        <\/div>\n    <\/div>\n<\/div>            <\/div>\n            \n        <\/div><\/div><\/div><\/div><div class=\"vc_row wpb_row vc_inner vc_row-fluid vc_custom_1533624653503\"><div class=\"wpb_column vc_column_container vc_col-sm-6\"><div class=\"vc_column-inner\"><div class=\"wpb_wrapper\">            \n            <div class=\"\">\n                \n<div class=\"icon-box-shortcode-wrap style_3\">\n    <div class=\"icon-box-container\">\n        <div class=\"icon-top\">\n            <div class=\"icon-wrap\">\n                <img decoding=\"async\" src=\"https:\/\/cinematographerawards.hu\/wp-content\/uploads\/2018\/07\/icon-visual-effect.png\" alt=\"Sparks Kft. k\u00fcl\u00f6nd\u00edj\">\n            <\/div>\n            <div class=\"icon-title\">\n                                    <a href=\"#\" title=\"\" target=\"_self\">\n                                <h5>Sparks Camera &amp; Lighting Ltd. Special Award<\/h5>\n                                    <\/a>\n                            <\/div>\n        <\/div>\n        <div class=\"icon-content\">\n            <p class=\"icon-description\">For more than a decade, winners of the Student category receive Sparks Camera &amp; Lighting Ltd\u2019s award which consists of a Panavision camera package. Since the middle of the 2000s, Vilmos Zsigmond supported the winners of the student category with this special award.<\/p>\n        <\/div>\n    <\/div>\n<\/div>            <\/div>\n            \n        <\/div><\/div><\/div><div class=\"wpb_column vc_column_container vc_col-sm-6\"><div class=\"vc_column-inner\"><div class=\"wpb_wrapper\">            \n            <div class=\"\">\n                \n<div class=\"icon-box-shortcode-wrap style_3\">\n    <div class=\"icon-box-container\">\n        <div class=\"icon-top\">\n            <div class=\"icon-wrap\">\n                <img decoding=\"async\" src=\"https:\/\/cinematographerawards.hu\/wp-content\/uploads\/2018\/07\/icon-film-services.png\" alt=\"Hagyom\u00e1nyos kateg\u00f3ri\u00e1k\">\n            <\/div>\n            <div class=\"icon-title\">\n                                    <a href=\"#\" title=\"\" target=\"_self\">\n                                <h5>Traditional Categories<\/h5>\n                                    <\/a>\n                            <\/div>\n        <\/div>\n        <div class=\"icon-content\">\n            <p class=\"icon-description\">During the L\u00e1szl\u00f3 Kov\u00e1cs-Vilmos Zsigmond Cinematographer Competition, the participants can compete in the following traditional categories: Student, Short Film, Documentary, Nature Film, TV Drama and Feature Film.<\/p>\n        <\/div>\n    <\/div>\n<\/div>            <\/div>\n            \n        <\/div><\/div><\/div><\/div><\/div><\/div><\/div><\/div>\n<\/div>","protected":false},"excerpt":{"rendered":"2004-ben azt a c\u00e9lt t\u0171zt\u00fck ki, hogy felh\u00edvjuk a figyelmet a magyar operat\u0151r\u00f6k k\u00f6z\u00f6ss\u00e9g\u00e9nek legkiv\u00e1l\u00f3bb tagjaira. Az\u00f3ta minden \u00e9vben hagyom\u00e1nyos d\u00edj\u00e1tad\u00f3 keret\u00e9ben jutalmazzuk a kiemelked\u0151 teljes\u00edtm\u00e9nyt ny\u00fajt\u00f3 hazai operat\u0151r\u00f6ket, akik gy\u00f6ny\u00f6r\u0171 k\u00e9pekkel hozz\u00e1k k\u00f6zelebb sz\u00edv\u00fcnkh\u00f6z a filmm\u0171v\u00e9szetet. Kiosztott d\u00edjak sz\u00e1ma 6 1. D\u00cdJ\u00c1TAD\u00d3 14 2. D\u00cdJ\u00c1TAD\u00d3 11 3. D\u00cdJ\u00c1TAD\u00d3 12 4. D\u00cdJ\u00c1TAD\u00d3 A sz\u00e1mok alapj\u00e1n [...]","protected":false},"author":1,"featured_media":0,"parent":0,"menu_order":0,"comment_status":"closed","ping_status":"closed","template":"","meta":{"footnotes":""},"class_list":["post-2460","page","type-page","status-publish","hentry","clearfix"],"yoast_head":"<!-- This site is optimized with the Yoast SEO plugin v27.6 - https:\/\/yoast.com\/product\/yoast-seo-wordpress\/ -->\n<title>D\u00cdJAINK - Magyar operat\u0151r verseny<\/title>\n<meta name=\"robots\" content=\"index, follow, max-snippet:-1, max-image-preview:large, max-video-preview:-1\" \/>\n<link rel=\"canonical\" href=\"https:\/\/cinematographerawards.hu\/en\/dijaink\/\" \/>\n<meta property=\"og:locale\" content=\"en_US\" \/>\n<meta property=\"og:type\" content=\"article\" \/>\n<meta property=\"og:title\" content=\"D\u00cdJAINK - Magyar operat\u0151r verseny\" \/>\n<meta property=\"og:url\" content=\"https:\/\/cinematographerawards.hu\/en\/dijaink\/\" \/>\n<meta property=\"og:site_name\" content=\"Magyar operat\u0151r verseny\" \/>\n<meta property=\"article:modified_time\" content=\"2022-03-17T07:26:59+00:00\" \/>\n<meta property=\"og:image\" content=\"https:\/\/cinematographerawards.hu\/wp-content\/uploads\/2020\/12\/cinematographerawards-ico.png\" \/>\n\t<meta property=\"og:image:width\" content=\"199\" \/>\n\t<meta property=\"og:image:height\" content=\"209\" \/>\n\t<meta property=\"og:image:type\" content=\"image\/png\" \/>\n<meta name=\"twitter:card\" content=\"summary_large_image\" \/>\n<meta name=\"twitter:label1\" content=\"Est. reading time\" \/>\n\t<meta name=\"twitter:data1\" content=\"3 minutes\" \/>\n<script type=\"application\/ld+json\" class=\"yoast-schema-graph\">{\"@context\":\"https:\\\/\\\/schema.org\",\"@graph\":[{\"@type\":\"WebPage\",\"@id\":\"https:\\\/\\\/cinematographerawards.hu\\\/dijaink\\\/\",\"url\":\"https:\\\/\\\/cinematographerawards.hu\\\/dijaink\\\/\",\"name\":\"D\u00cdJAINK - Magyar operat\u0151r verseny\",\"isPartOf\":{\"@id\":\"https:\\\/\\\/cinematographerawards.hu\\\/#website\"},\"datePublished\":\"2018-08-06T09:25:38+00:00\",\"dateModified\":\"2022-03-17T07:26:59+00:00\",\"breadcrumb\":{\"@id\":\"https:\\\/\\\/cinematographerawards.hu\\\/dijaink\\\/#breadcrumb\"},\"inLanguage\":\"en-US\",\"potentialAction\":[{\"@type\":\"ReadAction\",\"target\":[\"https:\\\/\\\/cinematographerawards.hu\\\/dijaink\\\/\"]}]},{\"@type\":\"BreadcrumbList\",\"@id\":\"https:\\\/\\\/cinematographerawards.hu\\\/dijaink\\\/#breadcrumb\",\"itemListElement\":[{\"@type\":\"ListItem\",\"position\":1,\"name\":\"Kezd\u0151lap\",\"item\":\"https:\\\/\\\/cinematographerawards.hu\\\/\"},{\"@type\":\"ListItem\",\"position\":2,\"name\":\"D\u00cdJAINK\"}]},{\"@type\":\"WebSite\",\"@id\":\"https:\\\/\\\/cinematographerawards.hu\\\/#website\",\"url\":\"https:\\\/\\\/cinematographerawards.hu\\\/\",\"name\":\"Magyar operat\u0151r verseny\",\"description\":\"Magyar operat\u0151r verseny\",\"potentialAction\":[{\"@type\":\"SearchAction\",\"target\":{\"@type\":\"EntryPoint\",\"urlTemplate\":\"https:\\\/\\\/cinematographerawards.hu\\\/?s={search_term_string}\"},\"query-input\":{\"@type\":\"PropertyValueSpecification\",\"valueRequired\":true,\"valueName\":\"search_term_string\"}}],\"inLanguage\":\"en-US\"}]}<\/script>\n<!-- \/ Yoast SEO plugin. -->","yoast_head_json":{"title":"D\u00cdJAINK - Magyar operat\u0151r verseny","robots":{"index":"index","follow":"follow","max-snippet":"max-snippet:-1","max-image-preview":"max-image-preview:large","max-video-preview":"max-video-preview:-1"},"canonical":"https:\/\/cinematographerawards.hu\/en\/dijaink\/","og_locale":"en_US","og_type":"article","og_title":"D\u00cdJAINK - Magyar operat\u0151r verseny","og_url":"https:\/\/cinematographerawards.hu\/en\/dijaink\/","og_site_name":"Magyar operat\u0151r verseny","article_modified_time":"2022-03-17T07:26:59+00:00","og_image":[{"width":199,"height":209,"url":"https:\/\/cinematographerawards.hu\/wp-content\/uploads\/2020\/12\/cinematographerawards-ico.png","type":"image\/png"}],"twitter_card":"summary_large_image","twitter_misc":{"Est. reading time":"3 minutes"},"schema":{"@context":"https:\/\/schema.org","@graph":[{"@type":"WebPage","@id":"https:\/\/cinematographerawards.hu\/dijaink\/","url":"https:\/\/cinematographerawards.hu\/dijaink\/","name":"D\u00cdJAINK - Magyar operat\u0151r verseny","isPartOf":{"@id":"https:\/\/cinematographerawards.hu\/#website"},"datePublished":"2018-08-06T09:25:38+00:00","dateModified":"2022-03-17T07:26:59+00:00","breadcrumb":{"@id":"https:\/\/cinematographerawards.hu\/dijaink\/#breadcrumb"},"inLanguage":"en-US","potentialAction":[{"@type":"ReadAction","target":["https:\/\/cinematographerawards.hu\/dijaink\/"]}]},{"@type":"BreadcrumbList","@id":"https:\/\/cinematographerawards.hu\/dijaink\/#breadcrumb","itemListElement":[{"@type":"ListItem","position":1,"name":"Kezd\u0151lap","item":"https:\/\/cinematographerawards.hu\/"},{"@type":"ListItem","position":2,"name":"D\u00cdJAINK"}]},{"@type":"WebSite","@id":"https:\/\/cinematographerawards.hu\/#website","url":"https:\/\/cinematographerawards.hu\/","name":"Magyar operat\u0151r verseny","description":"Magyar operat\u0151r verseny","potentialAction":[{"@type":"SearchAction","target":{"@type":"EntryPoint","urlTemplate":"https:\/\/cinematographerawards.hu\/?s={search_term_string}"},"query-input":{"@type":"PropertyValueSpecification","valueRequired":true,"valueName":"search_term_string"}}],"inLanguage":"en-US"}]}},"_links":{"self":[{"href":"https:\/\/cinematographerawards.hu\/en\/wp-json\/wp\/v2\/pages\/2460","targetHints":{"allow":["GET"]}}],"collection":[{"href":"https:\/\/cinematographerawards.hu\/en\/wp-json\/wp\/v2\/pages"}],"about":[{"href":"https:\/\/cinematographerawards.hu\/en\/wp-json\/wp\/v2\/types\/page"}],"author":[{"embeddable":true,"href":"https:\/\/cinematographerawards.hu\/en\/wp-json\/wp\/v2\/users\/1"}],"replies":[{"embeddable":true,"href":"https:\/\/cinematographerawards.hu\/en\/wp-json\/wp\/v2\/comments?post=2460"}],"version-history":[{"count":30,"href":"https:\/\/cinematographerawards.hu\/en\/wp-json\/wp\/v2\/pages\/2460\/revisions"}],"predecessor-version":[{"id":4523,"href":"https:\/\/cinematographerawards.hu\/en\/wp-json\/wp\/v2\/pages\/2460\/revisions\/4523"}],"wp:attachment":[{"href":"https:\/\/cinematographerawards.hu\/en\/wp-json\/wp\/v2\/media?parent=2460"}],"curies":[{"name":"wp","href":"https:\/\/api.w.org\/{rel}","templated":true}]}}