{"id":2260,"date":"2018-07-23T04:23:38","date_gmt":"2018-07-23T04:23:38","guid":{"rendered":"https:\/\/demo.harutheme.com\/formota\/?page_id=2260"},"modified":"2024-09-09T13:11:55","modified_gmt":"2024-09-09T11:11:55","slug":"nevezes","status":"publish","type":"page","link":"https:\/\/cinematographerawards.hu\/en\/nevezes\/","title":{"rendered":"Sign Up"},"content":{"rendered":"<div class=\"wpb-content-wrapper\"><div class=\"vc_row wpb_row vc_row-fluid vc_custom_1533605310250\"><div class=\"wpb_column vc_column_container vc_col-sm-12\"><div class=\"vc_column-inner\"><div class=\"wpb_wrapper\">\n\t<div class=\"wpb_text_column wpb_content_element\" >\n\t\t<div class=\"wpb_wrapper\">\n\t\t\t<h1 style=\"text-align: center;\"><span class=\"gmail-s5\">Bead\u00e1si hat\u00e1rid\u0151: 202<\/span><span class=\"gmail-s5\">4. szeptember 15<\/span><span class=\"gmail-s5\">-ig<\/span><span class=\"gmail-s6\"><span class=\"gmail-Apple-converted-space\">\u00a0<\/span><\/span><\/h1>\n\n\t\t<\/div>\n\t<\/div>\n<div class=\"vc_row wpb_row vc_inner vc_row-fluid vc_custom_1533605322115\"><div class=\"wpb_column vc_column_container vc_col-sm-12\"><div class=\"vc_column-inner\"><div class=\"wpb_wrapper\"><h2 style=\"text-align: center\" class=\"vc_custom_heading heading_style_1\">by the numbers<\/h2><\/div><\/div><\/div><\/div><div class=\"vc_row wpb_row vc_inner vc_row-fluid vc_custom_1533605328476\"><div class=\"wpb_column vc_column_container vc_col-sm-3\"><div class=\"vc_column-inner\"><div class=\"wpb_wrapper\">                    <div class=\"\">\n                <div class=\"counter-shortcode-wrap style_1\">\n    <div class=\"gr-counter gr-animated\">\n        <div class=\"content-inner\">\n            <div data-from=\"0\" data-to=\"212\" class=\"gr-number-counter\">\n                212            <\/div>\n            <div class=\"gr-text-default\">Submitted Movies over 3 years<\/div>\n        <\/div>\n    <\/div>\n<\/div>            <\/div>\n                <\/div><\/div><\/div><div class=\"wpb_column vc_column_container vc_col-sm-3\"><div class=\"vc_column-inner\"><div class=\"wpb_wrapper\">                    <div class=\"\">\n                <div class=\"counter-shortcode-wrap style_1\">\n    <div class=\"gr-counter gr-animated\">\n        <div class=\"content-inner\">\n            <div data-from=\"0\" data-to=\"2833\" class=\"gr-number-counter\">\n                2833            <\/div>\n            <div class=\"gr-text-default\">Percnyi film<\/div>\n        <\/div>\n    <\/div>\n<\/div>            <\/div>\n                <\/div><\/div><\/div><div class=\"wpb_column vc_column_container vc_col-sm-3\"><div class=\"vc_column-inner\"><div class=\"wpb_wrapper\">                    <div class=\"\">\n                <div class=\"counter-shortcode-wrap style_1\">\n    <div class=\"gr-counter gr-animated\">\n        <div class=\"content-inner\">\n            <div data-from=\"0\" data-to=\"64\" class=\"gr-number-counter\">\n                64            <\/div>\n            <div class=\"gr-text-default\">Competitors last year<\/div>\n        <\/div>\n    <\/div>\n<\/div>            <\/div>\n                <\/div><\/div><\/div><div class=\"wpb_column vc_column_container vc_col-sm-3\"><div class=\"vc_column-inner\"><div class=\"wpb_wrapper\">                    <div class=\"\">\n                <div class=\"counter-shortcode-wrap style_1\">\n    <div class=\"gr-counter gr-animated\">\n        <div class=\"content-inner\">\n            <div data-from=\"0\" data-to=\"6\" class=\"gr-number-counter\">\n                6            <\/div>\n            <div class=\"gr-text-default\">Movie categories<\/div>\n        <\/div>\n    <\/div>\n<\/div>            <\/div>\n                <\/div><\/div><\/div><\/div><div class=\"vc_separator wpb_content_element vc_separator_align_center vc_sep_width_100 vc_sep_pos_align_center vc_separator_no_text vc_sep_color_grey wpb_content_element  wpb_content_element\" ><span class=\"vc_sep_holder vc_sep_holder_l\"><span class=\"vc_sep_line\"><\/span><\/span><span class=\"vc_sep_holder vc_sep_holder_r\"><span class=\"vc_sep_line\"><\/span><\/span>\n<\/div><h2 style=\"text-align: center\" class=\"vc_custom_heading heading_style_1\">Enter the competition<\/h2><\/div><\/div><\/div><\/div><div class=\"vc_row wpb_row vc_row-fluid\"><div class=\"wpb_column vc_column_container vc_col-sm-12\"><div class=\"vc_column-inner\"><div class=\"wpb_wrapper\">\n\t<div class=\"wpb_raw_code wpb_raw_html wpb_content_element\" >\n\t\t<div class=\"wpb_wrapper\">\n\t\t\t<div class='fluentform ff-default fluentform_wrapper_7 ffs_default_wrap'><form data-form_id=\"7\" id=\"fluentform_7\" class=\"frm-fluent-form fluent_form_7 ff-el-form-top ff_form_instance_7_1 ff-form-loading ffs_default\" data-form_instance=\"ff_form_instance_7_1\" method=\"POST\" action=\"\" ><fieldset  style=\"border: none!important;margin: 0!important;padding: 0!important;background-color: transparent!important;box-shadow: none!important;outline: none!important; min-inline-size: 100%;\">\n                    <legend class=\"ff_screen_reader_title\" style=\"display: block; margin: 0!important;padding: 0!important;height: 0!important;text-indent: -999999px;width: 0!important;overflow:hidden;\">VII. KOV\u00c1CS&ZSIGMOND REGISZTR\u00c1CI\u00d3 (#7)<\/legend><p style=\"display: none !important;\" class=\"akismet-fields-container\" data-prefix=\"ak_\"><label>&#916;<textarea name=\"ak_hp_textarea\" cols=\"45\" rows=\"8\" maxlength=\"100\"><\/textarea><\/label><input type=\"hidden\" id=\"ak_js_1\" name=\"ak_js\" value=\"76\"\/><script>document.getElementById( \"ak_js_1\" ).setAttribute( \"value\", ( new Date() ).getTime() );<\/script><\/p><input type='hidden' name='__fluent_form_embded_post_id' value='2260' \/><input type=\"hidden\" id=\"_fluentform_7_fluentformnonce\" name=\"_fluentform_7_fluentformnonce\" value=\"7cf6ee1bbc\" \/><input type=\"hidden\" name=\"_wp_http_referer\" value=\"\/en\/wp-json\/wp\/v2\/pages\/2260\" \/><div class='ff-el-group'><div class=\"ff-el-input--label ff-el-is-required asterisk-right\"><label for='ff_7_subject_4' id='label_ff_7_subject_4' aria-label=\"Film C\u00edme\">Film C\u00edme<\/label><\/div><div class='ff-el-input--content'><input type=\"text\" name=\"subject_4\" class=\"ff-el-form-control\" data-name=\"subject_4\" id=\"ff_7_subject_4\"  aria-invalid=\"false\" aria-required=\"true\"><\/div><\/div><div class='ff-el-group'><div class=\"ff-el-input--label ff-el-is-required asterisk-right\"><label for='ff_7_subject_5' id='label_ff_7_subject_5' aria-label=\"Operat\u0151r - N\u00e9v\">Operat\u0151r - N\u00e9v<\/label><\/div><div class='ff-el-input--content'><input type=\"text\" name=\"subject_5\" class=\"ff-el-form-control\" data-name=\"subject_5\" id=\"ff_7_subject_5\"  aria-invalid=\"false\" aria-required=\"true\"><\/div><\/div><div class='ff-el-group'><div class=\"ff-el-input--label ff-el-is-required asterisk-right\"><label for='ff_7_email_1' id='label_ff_7_email_1' aria-label=\"Operat\u0151r - E-mail c\u00edm\">Operat\u0151r - E-mail c\u00edm<\/label><\/div><div class='ff-el-input--content'><input type=\"email\" name=\"email_1\" id=\"ff_7_email_1\" class=\"ff-el-form-control\" data-name=\"email_1\"  aria-invalid=\"false\" aria-required=\"true\"><\/div><\/div><div class='ff-el-group'><div class=\"ff-el-input--label ff-el-is-required asterisk-right\"><label for='ff_7_numeric-field_1' id='label_ff_7_numeric-field_1' aria-label=\"Operat\u0151r - Telefonsz\u00e1m\">Operat\u0151r - Telefonsz\u00e1m<\/label><\/div><div class='ff-el-input--content'><input type=\"number\" name=\"numeric-field_1\" id=\"ff_7_numeric-field_1\" class=\"ff-el-form-control\" data-name=\"numeric-field_1\" inputmode=\"numeric\" step=\"any\"  aria-invalid=\"false\" aria-required=\"true\"><\/div><\/div><div class='ff-el-group'><div class=\"ff-el-input--label ff-el-is-required asterisk-right\"><label for='ff_7_subject_10' id='label_ff_7_subject_10' aria-label=\"Rendez\u0151 - N\u00e9v\">Rendez\u0151 - N\u00e9v<\/label><\/div><div class='ff-el-input--content'><input type=\"text\" name=\"subject_10\" class=\"ff-el-form-control\" data-name=\"subject_10\" id=\"ff_7_subject_10\"  aria-invalid=\"false\" aria-required=\"true\"><\/div><\/div><div class='ff-el-group'><div class=\"ff-el-input--label ff-el-is-required asterisk-right\"><label for='ff_7_email' id='label_ff_7_email' aria-label=\"Rendez\u0151 - E-mail c\u00edm\">Rendez\u0151 - E-mail c\u00edm<\/label><\/div><div class='ff-el-input--content'><input type=\"email\" name=\"email\" id=\"ff_7_email\" class=\"ff-el-form-control\" data-name=\"email\"  aria-invalid=\"false\" aria-required=\"true\"><\/div><\/div><div class='ff-el-group'><div class=\"ff-el-input--label ff-el-is-required asterisk-right\"><label for='ff_7_numeric-field' id='label_ff_7_numeric-field' aria-label=\"Rendez\u0151 - Telefonsz\u00e1m\">Rendez\u0151 - Telefonsz\u00e1m<\/label><\/div><div class='ff-el-input--content'><input type=\"number\" name=\"numeric-field\" id=\"ff_7_numeric-field\" class=\"ff-el-form-control\" data-name=\"numeric-field\" inputmode=\"numeric\" step=\"any\"  aria-invalid=\"false\" aria-required=\"true\"><\/div><\/div><div class='ff-el-group'><div class=\"ff-el-input--label ff-el-is-required asterisk-right\"><label for='ff_7_subject_9' id='label_ff_7_subject_9' aria-label=\"Gy\u00e1rt\u00f3 St\u00fadi\u00f3 - N\u00e9v\">Gy\u00e1rt\u00f3 St\u00fadi\u00f3 - N\u00e9v<\/label><\/div><div class='ff-el-input--content'><input type=\"text\" name=\"subject_9\" class=\"ff-el-form-control\" data-name=\"subject_9\" id=\"ff_7_subject_9\"  aria-invalid=\"false\" aria-required=\"true\"><\/div><\/div><div class='ff-el-group'><div class=\"ff-el-input--label ff-el-is-required asterisk-right\"><label for='ff_7_subject_8' id='label_ff_7_subject_8' aria-label=\"Gy\u00e1rt\u00f3 St\u00fadi\u00f3 - Kapcsolattart\u00f3\">Gy\u00e1rt\u00f3 St\u00fadi\u00f3 - Kapcsolattart\u00f3<\/label><\/div><div class='ff-el-input--content'><input type=\"text\" name=\"subject_8\" class=\"ff-el-form-control\" data-name=\"subject_8\" id=\"ff_7_subject_8\"  aria-invalid=\"false\" aria-required=\"true\"><\/div><\/div><div class='ff-el-group'><div class=\"ff-el-input--label ff-el-is-required asterisk-right\"><label for='ff_7_email_2' id='label_ff_7_email_2' aria-label=\"Gy\u00e1rt\u00f3 St\u00fadi\u00f3 - E-mail C\u00edm\">Gy\u00e1rt\u00f3 St\u00fadi\u00f3 - E-mail C\u00edm<\/label><\/div><div class='ff-el-input--content'><input type=\"email\" name=\"email_2\" id=\"ff_7_email_2\" class=\"ff-el-form-control\" data-name=\"email_2\"  aria-invalid=\"false\" aria-required=\"true\"><\/div><\/div><div class='ff-el-group'><div class=\"ff-el-input--label ff-el-is-required asterisk-right\"><label for='ff_7_subject_7' id='label_ff_7_subject_7' aria-label=\"Kateg\u00f3ria\">Kateg\u00f3ria<\/label><\/div><div class='ff-el-input--content'><input type=\"text\" name=\"subject_7\" class=\"ff-el-form-control\" data-name=\"subject_7\" id=\"ff_7_subject_7\"  aria-invalid=\"false\" aria-required=\"true\"><\/div><\/div><div class='ff-el-group'><div class=\"ff-el-input--label ff-el-is-required asterisk-right\"><label for='ff_7_subject_6' id='label_ff_7_subject_6' aria-label=\"Film hossza\">Film hossza<\/label><\/div><div class='ff-el-input--content'><input type=\"text\" name=\"subject_6\" class=\"ff-el-form-control\" data-name=\"subject_6\" id=\"ff_7_subject_6\"  aria-invalid=\"false\" aria-required=\"true\"><\/div><\/div><div class='ff-el-group'><div class=\"ff-el-input--label ff-el-is-required asterisk-right\"><label for='ff_7_subject_11' id='label_ff_7_subject_11' aria-label=\"Alkalmazott technika\">Alkalmazott technika<\/label><\/div><div class='ff-el-input--content'><input type=\"text\" name=\"subject_11\" class=\"ff-el-form-control\" data-name=\"subject_11\" id=\"ff_7_subject_11\"  aria-invalid=\"false\" aria-required=\"true\"><\/div><\/div><div class='ff-el-group'><div class=\"ff-el-input--label ff-el-is-required asterisk-right\"><label for='ff_7_subject_12' id='label_ff_7_subject_12' aria-label=\"Film online megtekinthet\u0151 link\">Film online megtekinthet\u0151 link<\/label><\/div><div class='ff-el-input--content'><input type=\"text\" name=\"subject_12\" class=\"ff-el-form-control\" data-name=\"subject_12\" id=\"ff_7_subject_12\"  aria-invalid=\"false\" aria-required=\"true\"><\/div><\/div><div class='ff-el-group    ff-el-input--content'><div class='ff-el-form-check ff-el-tc'><label aria-label='Hozz\u00e1j\u00e1rulok ahhoz, hogy ez a weboldal t\u00e1rolja a bek\u00fcld\u00f6tt adataimat, hogy v\u00e1laszolhassanak megkeres\u00e9semre.' class='ff-el-form-check-label ff_tc_label' for=\"gdpr-agreement_e8c656c0163440fc5017582909ea6cba\"><span class='ff_tc_checkbox'><input type=\"checkbox\" name=\"gdpr-agreement\" class=\"ff-el-form-check-input ff_gdpr_field\" data-name=\"gdpr-agreement\" id=\"gdpr-agreement_e8c656c0163440fc5017582909ea6cba\"  value='on' aria-invalid='false' aria-required=\"true\"><\/span> <div class='ff_t_c'>Hozz\u00e1j\u00e1rulok ahhoz, hogy ez a weboldal t\u00e1rolja a bek\u00fcld\u00f6tt adataimat, hogy v\u00e1laszolhassanak megkeres\u00e9semre.<\/div><\/label><\/div><\/div><div class='ff-el-group ff-text-left ff_submit_btn_wrapper'><button type=\"submit\" class=\"ff-btn ff-btn-submit ff-btn-md ff_btn_style wpf_has_custom_css\"  aria-label=\"BEK\u00dcLD\u00d6M\">BEK\u00dcLD\u00d6M<\/button><\/div><\/fieldset><input type=\"hidden\" name=\"trp-form-language\" value=\"en\"\/><\/form><div id='fluentform_7_errors' class='ff-errors-in-stack ff_form_instance_7_1 ff-form-loading_errors ff_form_instance_7_1_errors'><\/div><\/div>            <script type=\"text\/javascript\">\n                window.fluent_form_ff_form_instance_7_1 = {\"id\":\"7\",\"settings\":{\"layout\":{\"labelPlacement\":\"top\",\"helpMessagePlacement\":\"with_label\",\"errorMessagePlacement\":\"inline\",\"asteriskPlacement\":\"asterisk-right\"},\"id\":\"39\",\"restrictions\":{\"denyEmptySubmission\":{\"enabled\":false}}},\"form_instance\":\"ff_form_instance_7_1\",\"form_id_selector\":\"fluentform_7\",\"rules\":{\"subject_4\":{\"required\":{\"value\":true,\"message\":\"Sz\\u00fcks\\u00e9ges mez\\u0151\",\"global\":false,\"global_message\":\"This field is required\"}},\"subject_5\":{\"required\":{\"value\":true,\"message\":\"Sz\\u00fcks\\u00e9ges mez\\u0151\",\"global\":false,\"global_message\":\"This field is required\"}},\"email_1\":{\"required\":{\"value\":true,\"message\":\"A mez\\u0151 kit\\u00f6lt\\u00e9se k\\u00f6telez\\u0151\",\"global_message\":\"This field is required\",\"global\":false},\"email\":{\"value\":true,\"message\":\"Ennek a mez\\u0151nek \\u00e9rv\\u00e9nyes e-mail-c\\u00edmet kell tartalmaznia.\",\"global_message\":\"This field must contain a valid email\",\"global\":false}},\"numeric-field_1\":{\"required\":{\"value\":true,\"message\":\"This field is required\",\"global_message\":\"This field is required\",\"global\":true},\"numeric\":{\"value\":true,\"message\":\"This field must contain numeric value\",\"global_message\":\"This field must contain numeric value\",\"global\":true},\"min\":{\"value\":\"\",\"message\":\"Validation fails for minimum value\",\"global_message\":\"Validation fails for minimum value\",\"global\":true},\"max\":{\"value\":\"\",\"message\":\"Validation fails for maximum value\",\"global_message\":\"Validation fails for maximum value\",\"global\":true},\"digits\":{\"value\":\"\",\"message\":\"Validation fails for limited digits\",\"global_message\":\"Validation fails for limited digits\",\"global\":true}},\"subject_10\":{\"required\":{\"value\":true,\"message\":\"Sz\\u00fcks\\u00e9ges mez\\u0151\",\"global\":false,\"global_message\":\"This field is required\"}},\"email\":{\"required\":{\"value\":true,\"message\":\"A mez\\u0151 kit\\u00f6lt\\u00e9se k\\u00f6telez\\u0151\",\"global_message\":\"This field is required\",\"global\":false},\"email\":{\"value\":true,\"message\":\"Ennek a mez\\u0151nek \\u00e9rv\\u00e9nyes e-mail-c\\u00edmet kell tartalmaznia.\",\"global_message\":\"This field must contain a valid email\",\"global\":false}},\"numeric-field\":{\"required\":{\"value\":true,\"message\":\"This field is required\",\"global_message\":\"This field is required\",\"global\":true},\"numeric\":{\"value\":true,\"message\":\"This field must contain numeric value\",\"global_message\":\"This field must contain numeric value\",\"global\":true},\"min\":{\"value\":\"\",\"message\":\"Validation fails for minimum value\",\"global_message\":\"Validation fails for minimum value\",\"global\":true},\"max\":{\"value\":\"\",\"message\":\"Validation fails for maximum value\",\"global_message\":\"Validation fails for maximum value\",\"global\":true},\"digits\":{\"value\":\"\",\"message\":\"Validation fails for limited digits\",\"global_message\":\"Validation fails for limited digits\",\"global\":true}},\"subject_9\":{\"required\":{\"value\":true,\"message\":\"Sz\\u00fcks\\u00e9ges mez\\u0151\",\"global\":false,\"global_message\":\"This field is required\"}},\"subject_8\":{\"required\":{\"value\":true,\"message\":\"Sz\\u00fcks\\u00e9ges mez\\u0151\",\"global\":false,\"global_message\":\"This field is required\"}},\"email_2\":{\"required\":{\"value\":true,\"message\":\"A mez\\u0151 kit\\u00f6lt\\u00e9se k\\u00f6telez\\u0151\",\"global_message\":\"This field is required\",\"global\":false},\"email\":{\"value\":true,\"message\":\"Ennek a mez\\u0151nek \\u00e9rv\\u00e9nyes e-mail-c\\u00edmet kell tartalmaznia.\",\"global_message\":\"This field must contain a valid email\",\"global\":false}},\"subject_7\":{\"required\":{\"value\":true,\"message\":\"Sz\\u00fcks\\u00e9ges mez\\u0151\",\"global\":false,\"global_message\":\"This field is required\"}},\"subject_6\":{\"required\":{\"value\":true,\"message\":\"Sz\\u00fcks\\u00e9ges mez\\u0151\",\"global\":false,\"global_message\":\"This field is required\"}},\"subject_11\":{\"required\":{\"value\":true,\"message\":\"Sz\\u00fcks\\u00e9ges mez\\u0151\",\"global\":false,\"global_message\":\"This field is required\"}},\"subject_12\":{\"required\":{\"value\":true,\"message\":\"Sz\\u00fcks\\u00e9ges mez\\u0151\",\"global\":false,\"global_message\":\"This field is required\"}},\"gdpr-agreement\":{\"required\":{\"value\":true,\"message\":\"Sz\\u00fcks\\u00e9ges mez\\u0151\",\"global\":false,\"global_message\":\"This field is required\"}}},\"debounce_time\":300};\n                                function initFFInstance_7() {\n                    if (!window.fluentFormApp) {\n                        console.log('No fluentFormApp found');\n                        return;\n                    }\n                    var ajax_formInstance = window.fluentFormApp(jQuery('form.ff_form_instance_7_1'));\n                    if (ajax_formInstance) {\n                        ajax_formInstance.initFormHandlers();\n                    }\n                }\n                \n                initFFInstance_7();\n                            <\/script>\n            \n\t\t<\/div>\n\t<\/div>\n<\/div><\/div><\/div><\/div>\n<\/div>","protected":false},"excerpt":{"rendered":"Bead\u00e1si hat\u00e1rid\u0151: 2024. szeptember 15-ig\u00a0 A sz\u00e1mok alapj\u00e1n 212 Nevezett film 3 \u00e9v alatt 2833 Percnyi film 64 Nevezett tavaly 6 Nevez\u00e9si kateg\u00f3ria JELENTKEZ\u00c9S VII. KOV\u00c1CS&ZSIGMOND REGISZTR\u00c1CI\u00d3 (#7)&#916;Film C\u00edmeOperat\u0151r - N\u00e9vOperat\u0151r - E-mail c\u00edmOperat\u0151r - Telefonsz\u00e1mRendez\u0151 - N\u00e9vRendez\u0151 - E-mail c\u00edmRendez\u0151 - Telefonsz\u00e1mGy\u00e1rt\u00f3 St\u00fadi\u00f3 - N\u00e9vGy\u00e1rt\u00f3 St\u00fadi\u00f3 - Kapcsolattart\u00f3Gy\u00e1rt\u00f3 St\u00fadi\u00f3 - E-mail C\u00edmKateg\u00f3riaFilm hosszaAlkalmazott technikaFilm [...]","protected":false},"author":1,"featured_media":0,"parent":0,"menu_order":0,"comment_status":"closed","ping_status":"closed","template":"","meta":{"footnotes":""},"class_list":["post-2260","page","type-page","status-publish","hentry","clearfix"],"yoast_head":"<!-- This site is optimized with the Yoast SEO plugin v27.4 - https:\/\/yoast.com\/product\/yoast-seo-wordpress\/ -->\n<title>Nevez\u00e9s - Magyar operat\u0151r verseny<\/title>\n<meta name=\"robots\" content=\"index, follow, max-snippet:-1, max-image-preview:large, max-video-preview:-1\" \/>\n<link rel=\"canonical\" href=\"https:\/\/cinematographerawards.hu\/en\/nevezes\/\" \/>\n<meta property=\"og:locale\" content=\"en_US\" \/>\n<meta property=\"og:type\" content=\"article\" \/>\n<meta property=\"og:title\" content=\"Nevez\u00e9s - Magyar operat\u0151r verseny\" \/>\n<meta property=\"og:url\" content=\"https:\/\/cinematographerawards.hu\/en\/nevezes\/\" \/>\n<meta property=\"og:site_name\" content=\"Magyar operat\u0151r verseny\" \/>\n<meta property=\"article:modified_time\" content=\"2024-09-09T11:11:55+00:00\" \/>\n<meta property=\"og:image\" content=\"https:\/\/cinematographerawards.hu\/wp-content\/uploads\/2020\/12\/cinematographerawards-ico.png\" \/>\n\t<meta property=\"og:image:width\" content=\"199\" \/>\n\t<meta property=\"og:image:height\" content=\"209\" \/>\n\t<meta property=\"og:image:type\" content=\"image\/png\" \/>\n<meta name=\"twitter:card\" content=\"summary_large_image\" \/>\n<meta name=\"twitter:label1\" content=\"Est. reading time\" \/>\n\t<meta name=\"twitter:data1\" content=\"1 minute\" \/>\n<script type=\"application\/ld+json\" class=\"yoast-schema-graph\">{\"@context\":\"https:\\\/\\\/schema.org\",\"@graph\":[{\"@type\":\"WebPage\",\"@id\":\"https:\\\/\\\/cinematographerawards.hu\\\/nevezes\\\/\",\"url\":\"https:\\\/\\\/cinematographerawards.hu\\\/nevezes\\\/\",\"name\":\"Nevez\u00e9s - Magyar operat\u0151r verseny\",\"isPartOf\":{\"@id\":\"https:\\\/\\\/cinematographerawards.hu\\\/#website\"},\"datePublished\":\"2018-07-23T04:23:38+00:00\",\"dateModified\":\"2024-09-09T11:11:55+00:00\",\"breadcrumb\":{\"@id\":\"https:\\\/\\\/cinematographerawards.hu\\\/nevezes\\\/#breadcrumb\"},\"inLanguage\":\"en-US\",\"potentialAction\":[{\"@type\":\"ReadAction\",\"target\":[\"https:\\\/\\\/cinematographerawards.hu\\\/nevezes\\\/\"]}]},{\"@type\":\"BreadcrumbList\",\"@id\":\"https:\\\/\\\/cinematographerawards.hu\\\/nevezes\\\/#breadcrumb\",\"itemListElement\":[{\"@type\":\"ListItem\",\"position\":1,\"name\":\"Kezd\u0151lap\",\"item\":\"https:\\\/\\\/cinematographerawards.hu\\\/\"},{\"@type\":\"ListItem\",\"position\":2,\"name\":\"Nevez\u00e9s\"}]},{\"@type\":\"WebSite\",\"@id\":\"https:\\\/\\\/cinematographerawards.hu\\\/#website\",\"url\":\"https:\\\/\\\/cinematographerawards.hu\\\/\",\"name\":\"Magyar operat\u0151r verseny\",\"description\":\"Magyar operat\u0151r verseny\",\"potentialAction\":[{\"@type\":\"SearchAction\",\"target\":{\"@type\":\"EntryPoint\",\"urlTemplate\":\"https:\\\/\\\/cinematographerawards.hu\\\/?s={search_term_string}\"},\"query-input\":{\"@type\":\"PropertyValueSpecification\",\"valueRequired\":true,\"valueName\":\"search_term_string\"}}],\"inLanguage\":\"en-US\"}]}<\/script>\n<!-- \/ Yoast SEO plugin. -->","yoast_head_json":{"title":"Nevez\u00e9s - Magyar operat\u0151r verseny","robots":{"index":"index","follow":"follow","max-snippet":"max-snippet:-1","max-image-preview":"max-image-preview:large","max-video-preview":"max-video-preview:-1"},"canonical":"https:\/\/cinematographerawards.hu\/en\/nevezes\/","og_locale":"en_US","og_type":"article","og_title":"Nevez\u00e9s - Magyar operat\u0151r verseny","og_url":"https:\/\/cinematographerawards.hu\/en\/nevezes\/","og_site_name":"Magyar operat\u0151r verseny","article_modified_time":"2024-09-09T11:11:55+00:00","og_image":[{"width":199,"height":209,"url":"https:\/\/cinematographerawards.hu\/wp-content\/uploads\/2020\/12\/cinematographerawards-ico.png","type":"image\/png"}],"twitter_card":"summary_large_image","twitter_misc":{"Est. reading time":"1 minute"},"schema":{"@context":"https:\/\/schema.org","@graph":[{"@type":"WebPage","@id":"https:\/\/cinematographerawards.hu\/nevezes\/","url":"https:\/\/cinematographerawards.hu\/nevezes\/","name":"Nevez\u00e9s - Magyar operat\u0151r verseny","isPartOf":{"@id":"https:\/\/cinematographerawards.hu\/#website"},"datePublished":"2018-07-23T04:23:38+00:00","dateModified":"2024-09-09T11:11:55+00:00","breadcrumb":{"@id":"https:\/\/cinematographerawards.hu\/nevezes\/#breadcrumb"},"inLanguage":"en-US","potentialAction":[{"@type":"ReadAction","target":["https:\/\/cinematographerawards.hu\/nevezes\/"]}]},{"@type":"BreadcrumbList","@id":"https:\/\/cinematographerawards.hu\/nevezes\/#breadcrumb","itemListElement":[{"@type":"ListItem","position":1,"name":"Kezd\u0151lap","item":"https:\/\/cinematographerawards.hu\/"},{"@type":"ListItem","position":2,"name":"Nevez\u00e9s"}]},{"@type":"WebSite","@id":"https:\/\/cinematographerawards.hu\/#website","url":"https:\/\/cinematographerawards.hu\/","name":"Magyar operat\u0151r verseny","description":"Magyar operat\u0151r verseny","potentialAction":[{"@type":"SearchAction","target":{"@type":"EntryPoint","urlTemplate":"https:\/\/cinematographerawards.hu\/?s={search_term_string}"},"query-input":{"@type":"PropertyValueSpecification","valueRequired":true,"valueName":"search_term_string"}}],"inLanguage":"en-US"}]}},"_links":{"self":[{"href":"https:\/\/cinematographerawards.hu\/en\/wp-json\/wp\/v2\/pages\/2260","targetHints":{"allow":["GET"]}}],"collection":[{"href":"https:\/\/cinematographerawards.hu\/en\/wp-json\/wp\/v2\/pages"}],"about":[{"href":"https:\/\/cinematographerawards.hu\/en\/wp-json\/wp\/v2\/types\/page"}],"author":[{"embeddable":true,"href":"https:\/\/cinematographerawards.hu\/en\/wp-json\/wp\/v2\/users\/1"}],"replies":[{"embeddable":true,"href":"https:\/\/cinematographerawards.hu\/en\/wp-json\/wp\/v2\/comments?post=2260"}],"version-history":[{"count":22,"href":"https:\/\/cinematographerawards.hu\/en\/wp-json\/wp\/v2\/pages\/2260\/revisions"}],"predecessor-version":[{"id":5010,"href":"https:\/\/cinematographerawards.hu\/en\/wp-json\/wp\/v2\/pages\/2260\/revisions\/5010"}],"wp:attachment":[{"href":"https:\/\/cinematographerawards.hu\/en\/wp-json\/wp\/v2\/media?parent=2260"}],"curies":[{"name":"wp","href":"https:\/\/api.w.org\/{rel}","templated":true}]}}